{"id":535,"date":"2025-03-16T21:58:45","date_gmt":"2025-03-16T21:58:45","guid":{"rendered":"https:\/\/nipponflexcol.com.co\/?post_type=product&#038;p=535"},"modified":"2025-07-21T10:41:21","modified_gmt":"2025-07-21T10:41:21","slug":"munequera-ajustable","status":"publish","type":"product","link":"https:\/\/bienestarsaludnanotecnologia.com.co\/?product=munequera-ajustable","title":{"rendered":"Mu\u00f1equera Ajustable"},"content":{"rendered":"<p>MU\u00d1EQUERA AJUSTABLE \ud83e\udd1c<br \/>\n\u00a1CUIDADO COMPLETO PARA SUS PU\u00d1OS Y MANOS !<\/p>\n<p>Flexible y anat\u00f3mica, Comprensi\u00f3n t\u00e9rmica ideal para practicar deportes. Para la mano derecha e izquierda<\/p>\n<p>Todos nuestros productos cuentan con la Tecnolog\u00eda Japonesa Patentada \u00fanica y exclusivamente para NIPPONFLEX E-ENERGY<\/p>\n<p>1. TECNOLOGIA FIR: provee infrarrojo Lejano, es una forma de energ\u00eda que no se ve, pero que hace que nuestro cuerpo sienta calor. Un uso constante ayuda a aliviar el dolor y la inflamaci\u00f3n, mejora la circulaci\u00f3n sangu\u00ednea y Acelera la reparaci\u00f3n de las c\u00e9lulas da\u00f1adas y los tejidos.<\/p>\n<p>\u26a1\ufe0fESTA TERAPIA SE BASA EN LA CAPACIDAD QUE TIENE EL INFRAROJO LEJANO PARA PENETRAR EN EL TEJIDO HUMANO, PUDIENDO LLEGAR A LOS MUSCULOS, NERVIOS, LIGAMENTOS, Y VASOS SANGU\u00cdNEOS.<\/p>\n<p>2. ION BALLS: proveen al cuerpo de iones negativos. Ya que son necesarios para el bienestar, son peque\u00f1as mol\u00e9culas cargadas de electrones, que solo encontramos en el contacto con la naturaleza.<\/p>\n<p>3. MAGNETOS MFP: Act\u00faa como un antiinflamatorio natural, tiene un impacto en el torrente sangu\u00edneo y genera oxigenaci\u00f3n por medio del calor. Descarga el exceso de protones (simula la conexi\u00f3na la tierra) posee ondas de 4 a 16 micrones. Con 300 billones de vibraciones por segundo.<\/p>\n<p>INFORMACION Y PEDIDOS: +57 3206707081<\/p>\n<p>NOTA: Todos los productos NIPPONFLEX E-ENERGY tienen precio oficial en d\u00f3lares, la conversi\u00f3n y pago se hace con el precio del dolar del d\u00eda, y tienen un tiempo promedio de entrega de 8 d\u00edas h\u00e1biles. Ya que todos los productos son importados desde el centro de distribuci\u00f3n m\u00e1s cercano que es Ecuador.<\/p>\n<p>#nipponflex #eenergy #salud #colombia #mu\u00f1equeras<\/p>\n","protected":false},"excerpt":{"rendered":"<p>MU\u00d1EQUERA AJUSTABLE \ud83e\udd1c \u00a1CUIDADO COMPLETO PARA SUS PU\u00d1OS Y MANOS ! Flexible y anat\u00f3mica, Comprensi\u00f3n t\u00e9rmica ideal para practicar deportes. [&hellip;]<\/p>\n","protected":false},"featured_media":819,"comment_status":"open","ping_status":"closed","template":"","meta":{"site-sidebar-layout":"default","site-content-layout":"","ast-site-content-layout":"default","site-content-style":"default","site-sidebar-style":"default","ast-global-header-display":"","ast-banner-title-visibility":"","ast-main-header-display":"","ast-hfb-above-header-display":"","ast-hfb-below-header-display":"","ast-hfb-mobile-header-display":"","site-post-title":"","ast-breadcrumbs-content":"","ast-featured-img":"","footer-sml-layout":"","theme-transparent-header-meta":"default","adv-header-id-meta":"","stick-header-meta":"","header-above-stick-meta":"","header-main-stick-meta":"","header-below-stick-meta":"","astra-migrate-meta-layouts":"set","ast-page-background-enabled":"default","ast-page-background-meta":{"desktop":{"background-color":"var(--ast-global-color-5)","background-image":"","background-repeat":"repeat","background-position":"center center","background-size":"auto","background-attachment":"scroll","background-type":"","background-media":"","overlay-type":"","overlay-color":"","overlay-opacity":"","overlay-gradient":""},"tablet":{"background-color":"","background-image":"","background-repeat":"repeat","background-position":"center center","background-size":"auto","background-attachment":"scroll","background-type":"","background-media":"","overlay-type":"","overlay-color":"","overlay-opacity":"","overlay-gradient":""},"mobile":{"background-color":"","background-image":"","background-repeat":"repeat","background-position":"center center","background-size":"auto","background-attachment":"scroll","background-type":"","background-media":"","overlay-type":"","overlay-color":"","overlay-opacity":"","overlay-gradient":""}},"ast-content-background-meta":{"desktop":{"background-color":"var(--ast-global-color-4)","background-image":"","background-repeat":"repeat","background-position":"center center","background-size":"auto","background-attachment":"scroll","background-type":"","background-media":"","overlay-type":"","overlay-color":"","overlay-opacity":"","overlay-gradient":""},"tablet":{"background-color":"var(--ast-global-color-4)","background-image":"","background-repeat":"repeat","background-position":"center center","background-size":"auto","background-attachment":"scroll","background-type":"","background-media":"","overlay-type":"","overlay-color":"","overlay-opacity":"","overlay-gradient":""},"mobile":{"background-color":"var(--ast-global-color-4)","background-image":"","background-repeat":"repeat","background-position":"center center","background-size":"auto","background-attachment":"scroll","background-type":"","background-media":"","overlay-type":"","overlay-color":"","overlay-opacity":"","overlay-gradient":""}},"_joinchat":[]},"product_brand":[],"product_cat":[24],"product_tag":[],"class_list":{"0":"post-535","1":"product","2":"type-product","3":"status-publish","4":"has-post-thumbnail","6":"product_cat-sin-categorizar","7":"desktop-align-left","8":"tablet-align-left","9":"mobile-align-left","11":"first","12":"instock","13":"featured","14":"shipping-taxable","15":"product-type-simple"},"_links":{"self":[{"href":"https:\/\/bienestarsaludnanotecnologia.com.co\/index.php?rest_route=\/wp\/v2\/product\/535","targetHints":{"allow":["GET"]}}],"collection":[{"href":"https:\/\/bienestarsaludnanotecnologia.com.co\/index.php?rest_route=\/wp\/v2\/product"}],"about":[{"href":"https:\/\/bienestarsaludnanotecnologia.com.co\/index.php?rest_route=\/wp\/v2\/types\/product"}],"replies":[{"embeddable":true,"href":"https:\/\/bienestarsaludnanotecnologia.com.co\/index.php?rest_route=%2Fwp%2Fv2%2Fcomments&post=535"}],"wp:featuredmedia":[{"embeddable":true,"href":"https:\/\/bienestarsaludnanotecnologia.com.co\/index.php?rest_route=\/wp\/v2\/media\/819"}],"wp:attachment":[{"href":"https:\/\/bienestarsaludnanotecnologia.com.co\/index.php?rest_route=%2Fwp%2Fv2%2Fmedia&parent=535"}],"wp:term":[{"taxonomy":"product_brand","embeddable":true,"href":"https:\/\/bienestarsaludnanotecnologia.com.co\/index.php?rest_route=%2Fwp%2Fv2%2Fproduct_brand&post=535"},{"taxonomy":"product_cat","embeddable":true,"href":"https:\/\/bienestarsaludnanotecnologia.com.co\/index.php?rest_route=%2Fwp%2Fv2%2Fproduct_cat&post=535"},{"taxonomy":"product_tag","embeddable":true,"href":"https:\/\/bienestarsaludnanotecnologia.com.co\/index.php?rest_route=%2Fwp%2Fv2%2Fproduct_tag&post=535"}],"curies":[{"name":"wp","href":"https:\/\/api.w.org\/{rel}","templated":true}]}}